{"id":1695,"date":"2024-02-22T06:15:12","date_gmt":"2024-02-22T04:15:12","guid":{"rendered":"https:\/\/ment2grow.com\/?page_id=1695"},"modified":"2025-03-24T13:20:18","modified_gmt":"2025-03-24T11:20:18","slug":"stay-in-touch","status":"publish","type":"page","link":"https:\/\/ment2grow.com\/en\/stay-in-touch\/","title":{"rendered":"Stay in touch"},"content":{"rendered":"<div data-elementor-type=\"wp-page\" data-elementor-id=\"1695\" class=\"elementor elementor-1695\" data-elementor-post-type=\"page\">\n\t\t\t\t\t\t<section class=\"elementor-section elementor-top-section elementor-element elementor-element-9435cd8 elementor-section-boxed elementor-section-height-default elementor-section-height-default\" data-id=\"9435cd8\" data-element_type=\"section\" data-settings=\"{&quot;background_background&quot;:&quot;classic&quot;}\">\n\t\t\t\t\t\t<div class=\"elementor-container elementor-column-gap-default\">\n\t\t\t\t\t<div class=\"elementor-column elementor-col-100 elementor-top-column elementor-element elementor-element-71c9307\" data-id=\"71c9307\" data-element_type=\"column\" data-settings=\"{&quot;background_background&quot;:&quot;classic&quot;}\">\n\t\t\t<div class=\"elementor-widget-wrap elementor-element-populated\">\n\t\t\t\t\t\t<section class=\"elementor-section elementor-inner-section elementor-element elementor-element-1cb112a elementor-section-boxed elementor-section-height-default elementor-section-height-default\" data-id=\"1cb112a\" data-element_type=\"section\">\n\t\t\t\t\t\t<div class=\"elementor-container elementor-column-gap-default\">\n\t\t\t\t\t<div class=\"elementor-column elementor-col-50 elementor-inner-column elementor-element elementor-element-32cdd79\" data-id=\"32cdd79\" data-element_type=\"column\">\n\t\t\t<div class=\"elementor-widget-wrap elementor-element-populated\">\n\t\t\t\t\t\t<div class=\"elementor-element elementor-element-b4860c8 elementor-widget elementor-widget-image\" data-id=\"b4860c8\" data-element_type=\"widget\" data-widget_type=\"image.default\">\n\t\t\t\t<div class=\"elementor-widget-container\">\n\t\t\t<style>\/*! elementor - v3.23.0 - 05-08-2024 *\/\n.elementor-widget-image{text-align:center}.elementor-widget-image a{display:inline-block}.elementor-widget-image a img[src$=\".svg\"]{width:48px}.elementor-widget-image img{vertical-align:middle;display:inline-block}<\/style>\t\t\t\t\t\t\t\t\t\t\t<a href=\"https:\/\/ment2grow.com\/en\">\n\t\t\t\t\t\t\t<img fetchpriority=\"high\" decoding=\"async\" width=\"800\" height=\"256\" src=\"https:\/\/ment2grow.com\/wp-content\/uploads\/2023\/09\/logo_black-1024x328.png\" class=\"attachment-large size-large wp-image-39\" alt=\"\" srcset=\"https:\/\/ment2grow.com\/wp-content\/uploads\/2023\/09\/logo_black-1024x328.png 1024w, https:\/\/ment2grow.com\/wp-content\/uploads\/2023\/09\/logo_black-300x96.png 300w, https:\/\/ment2grow.com\/wp-content\/uploads\/2023\/09\/logo_black-768x246.png 768w, https:\/\/ment2grow.com\/wp-content\/uploads\/2023\/09\/logo_black-1536x492.png 1536w, https:\/\/ment2grow.com\/wp-content\/uploads\/2023\/09\/logo_black-2048x655.png 2048w\" sizes=\"(max-width: 800px) 100vw, 800px\" \/>\t\t\t\t\t\t\t\t<\/a>\n\t\t\t\t\t\t\t\t\t\t\t\t\t<\/div>\n\t\t\t\t<\/div>\n\t\t\t\t\t<\/div>\n\t\t<\/div>\n\t\t\t\t<div class=\"elementor-column elementor-col-50 elementor-inner-column elementor-element elementor-element-931351b\" data-id=\"931351b\" data-element_type=\"column\">\n\t\t\t<div class=\"elementor-widget-wrap elementor-element-populated\">\n\t\t\t\t\t\t<div class=\"elementor-element elementor-element-a3376e6 elementor-nav-menu__text-align-aside elementor-nav-menu--toggle elementor-nav-menu--burger elementor-widget elementor-widget-nav-menu\" data-id=\"a3376e6\" data-element_type=\"widget\" data-settings=\"{&quot;layout&quot;:&quot;dropdown&quot;,&quot;sticky&quot;:&quot;top&quot;,&quot;sticky_effects_offset&quot;:100,&quot;submenu_icon&quot;:{&quot;value&quot;:&quot;&lt;i class=\\&quot;fas fa-caret-down\\&quot;&gt;&lt;\\\/i&gt;&quot;,&quot;library&quot;:&quot;fa-solid&quot;},&quot;toggle&quot;:&quot;burger&quot;,&quot;sticky_on&quot;:[&quot;desktop&quot;,&quot;tablet&quot;,&quot;mobile&quot;],&quot;sticky_offset&quot;:0}\" data-widget_type=\"nav-menu.default\">\n\t\t\t\t<div class=\"elementor-widget-container\">\n\t\t\t<link rel=\"stylesheet\" href=\"https:\/\/ment2grow.com\/wp-content\/plugins\/elementor-pro\/assets\/css\/widget-nav-menu.min.css?ver=1725608495\">\t\t<div class=\"elementor-menu-toggle\" role=\"button\" tabindex=\"0\" aria-label=\"Menu Toggle\" aria-expanded=\"false\">\n\t\t\t<i aria-hidden=\"true\" role=\"presentation\" class=\"elementor-menu-toggle__icon--open eicon-menu-bar\"><\/i><i aria-hidden=\"true\" role=\"presentation\" class=\"elementor-menu-toggle__icon--close eicon-close\"><\/i>\t\t\t<span class=\"elementor-screen-only\">Menu<\/span>\n\t\t<\/div>\n\t\t\t\t\t<nav class=\"elementor-nav-menu--dropdown elementor-nav-menu__container\" aria-hidden=\"true\">\n\t\t\t\t<ul id=\"menu-2-a3376e6\" class=\"elementor-nav-menu\"><li class=\"menu-item menu-item-type-post_type menu-item-object-page menu-item-210\"><a href=\"https:\/\/ment2grow.com\/en\/o-programu\/\" class=\"elementor-item\" tabindex=\"-1\">About the program<\/a><\/li>\n<li class=\"menu-item menu-item-type-post_type menu-item-object-page menu-item-211\"><a href=\"https:\/\/ment2grow.com\/en\/alumni\/\" class=\"elementor-item\" tabindex=\"-1\">Alumni<\/a><\/li>\n<li class=\"menu-item menu-item-type-custom menu-item-object-custom menu-item-941\"><a href=\"\/en\/#team\" class=\"elementor-item elementor-item-anchor\" tabindex=\"-1\">Team<\/a><\/li>\n<li class=\"menu-item menu-item-type-post_type menu-item-object-page menu-item-1668\"><a href=\"https:\/\/ment2grow.com\/en\/podcasty-a-clanky\/\" class=\"elementor-item\" tabindex=\"-1\">Podcasts &amp; Articles<\/a><\/li>\n<li class=\"menu-item menu-item-type-custom menu-item-object-custom menu-item-942\"><a href=\"\/en\/#partners\" class=\"elementor-item elementor-item-anchor\" tabindex=\"-1\">Organizators and partners<\/a><\/li>\n<li class=\"menu-item menu-item-type-post_type menu-item-object-page menu-item-944\"><a href=\"https:\/\/ment2grow.com\/en\/galerie\/\" class=\"elementor-item\" tabindex=\"-1\">Gallery<\/a><\/li>\n<li class=\"menu-item menu-item-type-custom menu-item-object-custom menu-item-946\"><a href=\"\/en\/#kontakt\" class=\"elementor-item elementor-item-anchor\" tabindex=\"-1\">Contacts<\/a><\/li>\n<li class=\"menu-item menu-item-type-custom menu-item-object-custom menu-item-1683\"><a href=\"https:\/\/sales-bootcamp-4ljxtoh.gamma.site\" class=\"elementor-item\" tabindex=\"-1\">Sales Bootcamp<\/a><\/li>\n<li class=\"menu-item menu-item-type-post_type menu-item-object-page menu-item-2396\"><a href=\"https:\/\/ment2grow.com\/en\/stay-in-touch\/\" class=\"elementor-item\" tabindex=\"-1\">Stay in touch<\/a><\/li>\n<li class=\"trp-language-switcher-container menu-item menu-item-type-post_type menu-item-object-language_switcher menu-item-2172\"><a href=\"https:\/\/ment2grow.com\/wp-json\/wp\/v2\/pages\/1695\/\" class=\"elementor-item elementor-item-anchor\" tabindex=\"-1\"><span data-no-translation><img decoding=\"async\" class=\"trp-flag-image\" src=\"https:\/\/ment2grow.com\/wp-content\/plugins\/translatepress-multilingual\/assets\/images\/flags\/cs_CZ.png\" width=\"18\" height=\"12\" alt=\"cs_CZ\" title=\"\u010ce\u0161tina\"><span class=\"trp-ls-language-name\">CS<\/span><\/span><\/a><\/li>\n<\/ul>\t\t\t<\/nav>\n\t\t\t\t<\/div>\n\t\t\t\t<\/div>\n\t\t\t\t\t<\/div>\n\t\t<\/div>\n\t\t\t\t\t<\/div>\n\t\t<\/section>\n\t\t\t\t<div class=\"elementor-element elementor-element-0b1f6d4 elementor-widget elementor-widget-heading\" data-id=\"0b1f6d4\" data-element_type=\"widget\" data-widget_type=\"heading.default\">\n\t\t\t\t<div class=\"elementor-widget-container\">\n\t\t\t<style>\/*! elementor - v3.23.0 - 05-08-2024 *\/\n.elementor-heading-title{padding:0;margin:0;line-height:1}.elementor-widget-heading .elementor-heading-title[class*=elementor-size-]>a{color:inherit;font-size:inherit;line-height:inherit}.elementor-widget-heading .elementor-heading-title.elementor-size-small{font-size:15px}.elementor-widget-heading .elementor-heading-title.elementor-size-medium{font-size:19px}.elementor-widget-heading .elementor-heading-title.elementor-size-large{font-size:29px}.elementor-widget-heading .elementor-heading-title.elementor-size-xl{font-size:39px}.elementor-widget-heading .elementor-heading-title.elementor-size-xxl{font-size:59px}<\/style><h2 class=\"elementor-heading-title elementor-size-default\">Stay in touch<\/h2>\t\t<\/div>\n\t\t\t\t<\/div>\n\t\t\t\t<div class=\"elementor-element elementor-element-8e72723 elementor-widget-divider--view-line elementor-widget elementor-widget-divider\" data-id=\"8e72723\" data-element_type=\"widget\" data-widget_type=\"divider.default\">\n\t\t\t\t<div class=\"elementor-widget-container\">\n\t\t\t<style>\/*! elementor - v3.23.0 - 05-08-2024 *\/\n.elementor-widget-divider{--divider-border-style:none;--divider-border-width:1px;--divider-color:#0c0d0e;--divider-icon-size:20px;--divider-element-spacing:10px;--divider-pattern-height:24px;--divider-pattern-size:20px;--divider-pattern-url:none;--divider-pattern-repeat:repeat-x}.elementor-widget-divider .elementor-divider{display:flex}.elementor-widget-divider .elementor-divider__text{font-size:15px;line-height:1;max-width:95%}.elementor-widget-divider .elementor-divider__element{margin:0 var(--divider-element-spacing);flex-shrink:0}.elementor-widget-divider .elementor-icon{font-size:var(--divider-icon-size)}.elementor-widget-divider .elementor-divider-separator{display:flex;margin:0;direction:ltr}.elementor-widget-divider--view-line_icon .elementor-divider-separator,.elementor-widget-divider--view-line_text .elementor-divider-separator{align-items:center}.elementor-widget-divider--view-line_icon .elementor-divider-separator:after,.elementor-widget-divider--view-line_icon .elementor-divider-separator:before,.elementor-widget-divider--view-line_text .elementor-divider-separator:after,.elementor-widget-divider--view-line_text .elementor-divider-separator:before{display:block;content:\"\";border-block-end:0;flex-grow:1;border-block-start:var(--divider-border-width) var(--divider-border-style) var(--divider-color)}.elementor-widget-divider--element-align-left .elementor-divider .elementor-divider-separator>.elementor-divider__svg:first-of-type{flex-grow:0;flex-shrink:100}.elementor-widget-divider--element-align-left .elementor-divider-separator:before{content:none}.elementor-widget-divider--element-align-left .elementor-divider__element{margin-left:0}.elementor-widget-divider--element-align-right .elementor-divider .elementor-divider-separator>.elementor-divider__svg:last-of-type{flex-grow:0;flex-shrink:100}.elementor-widget-divider--element-align-right .elementor-divider-separator:after{content:none}.elementor-widget-divider--element-align-right .elementor-divider__element{margin-right:0}.elementor-widget-divider--element-align-start .elementor-divider .elementor-divider-separator>.elementor-divider__svg:first-of-type{flex-grow:0;flex-shrink:100}.elementor-widget-divider--element-align-start .elementor-divider-separator:before{content:none}.elementor-widget-divider--element-align-start .elementor-divider__element{margin-inline-start:0}.elementor-widget-divider--element-align-end .elementor-divider .elementor-divider-separator>.elementor-divider__svg:last-of-type{flex-grow:0;flex-shrink:100}.elementor-widget-divider--element-align-end .elementor-divider-separator:after{content:none}.elementor-widget-divider--element-align-end .elementor-divider__element{margin-inline-end:0}.elementor-widget-divider:not(.elementor-widget-divider--view-line_text):not(.elementor-widget-divider--view-line_icon) .elementor-divider-separator{border-block-start:var(--divider-border-width) var(--divider-border-style) var(--divider-color)}.elementor-widget-divider--separator-type-pattern{--divider-border-style:none}.elementor-widget-divider--separator-type-pattern.elementor-widget-divider--view-line .elementor-divider-separator,.elementor-widget-divider--separator-type-pattern:not(.elementor-widget-divider--view-line) .elementor-divider-separator:after,.elementor-widget-divider--separator-type-pattern:not(.elementor-widget-divider--view-line) .elementor-divider-separator:before,.elementor-widget-divider--separator-type-pattern:not([class*=elementor-widget-divider--view]) .elementor-divider-separator{width:100%;min-height:var(--divider-pattern-height);-webkit-mask-size:var(--divider-pattern-size) 100%;mask-size:var(--divider-pattern-size) 100%;-webkit-mask-repeat:var(--divider-pattern-repeat);mask-repeat:var(--divider-pattern-repeat);background-color:var(--divider-color);-webkit-mask-image:var(--divider-pattern-url);mask-image:var(--divider-pattern-url)}.elementor-widget-divider--no-spacing{--divider-pattern-size:auto}.elementor-widget-divider--bg-round{--divider-pattern-repeat:round}.rtl .elementor-widget-divider .elementor-divider__text{direction:rtl}.e-con-inner>.elementor-widget-divider,.e-con>.elementor-widget-divider{width:var(--container-widget-width,100%);--flex-grow:var(--container-widget-flex-grow)}<\/style>\t\t<div class=\"elementor-divider\">\n\t\t\t<span class=\"elementor-divider-separator\">\n\t\t\t\t\t\t<\/span>\n\t\t<\/div>\n\t\t\t\t<\/div>\n\t\t\t\t<\/div>\n\t\t\t\t<div class=\"elementor-element elementor-element-974c33e elementor-widget__width-initial elementor-widget-mobile__width-inherit elementor-widget elementor-widget-text-editor\" data-id=\"974c33e\" data-element_type=\"widget\" data-widget_type=\"text-editor.default\">\n\t\t\t\t<div class=\"elementor-widget-container\">\n\t\t\t<style>\/*! elementor - v3.23.0 - 05-08-2024 *\/\n.elementor-widget-text-editor.elementor-drop-cap-view-stacked .elementor-drop-cap{background-color:#69727d;color:#fff}.elementor-widget-text-editor.elementor-drop-cap-view-framed .elementor-drop-cap{color:#69727d;border:3px solid;background-color:transparent}.elementor-widget-text-editor:not(.elementor-drop-cap-view-default) .elementor-drop-cap{margin-top:8px}.elementor-widget-text-editor:not(.elementor-drop-cap-view-default) .elementor-drop-cap-letter{width:1em;height:1em}.elementor-widget-text-editor .elementor-drop-cap{float:left;text-align:center;line-height:1;font-size:50px}.elementor-widget-text-editor .elementor-drop-cap-letter{display:inline-block}<\/style>\t\t\t\t<p>Vypl\u0148te sv\u016fj kontakt n\u00ed\u017ee, aby v\u00e1m neunikly podcasty, \u010dl\u00e1nky a novinky z Ment2Grow! Sedm\u00fd ro\u010dn\u00edk programu je pr\u00e1v\u011b v b\u011bhu a p\u0159ihl\u00e1\u0161ky do dal\u0161\u00edho ro\u010dn\u00edku budou otev\u0159en\u00e9 v z\u00e1\u0159\u00ed 2025. Do t\u00e9 doby se s v\u00e1mi r\u00e1di uvid\u00edme na n\u011bkter\u00e9 z na\u0161ich akc\u00ed a v p\u0159\u00edpad\u011b dotaz\u016f se nev\u00e1hejte obr\u00e1tit na programovou mana\u017eerku Veroniku \u0160imkovou | veronika.simkova@opero.cz<\/p>\t\t\t\t\t\t<\/div>\n\t\t\t\t<\/div>\n\t\t\t\t<div class=\"elementor-element elementor-element-47a57ee elementor-widget elementor-widget-wp-widget-smartemailing_widget_webform\" data-id=\"47a57ee\" data-element_type=\"widget\" data-widget_type=\"wp-widget-smartemailing_widget_webform.default\">\n\t\t\t\t<div class=\"elementor-widget-container\">\n\t\t\t\n\t\t\t\t<div class=\"smartemailing-webform-list\">\n\t\t\t\t\t\n\t\t\t\t\t<script src=\"https:\/\/app.smartemailing.cz\/public\/web-forms-v2\/subscribe\/668133-2p7q87nfmvzk3l5i06lw9f74kfhyh618w50z2r0uicmoodqnjdx4v77u8k0rw5m6a4ybkyyjal8hijgytyjqcyjnvsk2q2py2qro\" id=\"se-webformScriptLoader-668133-2p7q87nfmvzk3l5i06lw9f74kfhyh618w50z2r0uicmoodqnjdx4v77u8k0rw5m6a4ybkyyjal8hijgytyjqcyjnvsk2q2py2qro\" async defer><\/script>\n\t\t\t\t<\/div>\n\t\t\t\t\t\t<\/div>\n\t\t\t\t<\/div>\n\t\t\t\t\t<\/div>\n\t\t<\/div>\n\t\t\t\t\t<\/div>\n\t\t<\/section>\n\t\t\t\t<\/div>","protected":false},"excerpt":{"rendered":"<p>Z\u016fsta\u0148te v kontaktu Vypl\u0148te sv\u016fj kontakt n\u00ed\u017ee, aby v\u00e1m neunikly podcasty, \u010dl\u00e1nky a novinky z Ment2Grow! Sedm\u00fd ro\u010dn\u00edk programu je pr\u00e1v\u011b v b\u011bhu a p\u0159ihl\u00e1\u0161ky do dal\u0161\u00edho ro\u010dn\u00edku budou otev\u0159en\u00e9 v z\u00e1\u0159\u00ed 2025. Do t\u00e9 doby se s v\u00e1mi r\u00e1di uvid\u00edme na n\u011bkter\u00e9 z na\u0161ich akc\u00ed a v p\u0159\u00edpad\u011b dotaz\u016f se nev\u00e1hejte obr\u00e1tit na programovou [&hellip;]<\/p>","protected":false},"author":1,"featured_media":0,"parent":0,"menu_order":0,"comment_status":"closed","ping_status":"closed","template":"elementor_header_footer","meta":{"_acf_changed":false,"footnotes":""},"class_list":["post-1695","page","type-page","status-publish","hentry"],"acf":[],"yoast_head":"<!-- This site is optimized with the Yoast SEO plugin v24.7 - https:\/\/yoast.com\/wordpress\/plugins\/seo\/ -->\n<title>Stay in touch - Ment2Grow<\/title>\n<meta name=\"robots\" content=\"index, follow, max-snippet:-1, max-image-preview:large, max-video-preview:-1\" \/>\n<link rel=\"canonical\" href=\"https:\/\/ment2grow.com\/en\/stay-in-touch\/\" \/>\n<meta property=\"og:locale\" content=\"en_US\" \/>\n<meta property=\"og:type\" content=\"article\" \/>\n<meta property=\"og:title\" content=\"Stay in touch - Ment2Grow\" \/>\n<meta property=\"og:description\" content=\"Z\u016fsta\u0148te v kontaktu Vypl\u0148te sv\u016fj kontakt n\u00ed\u017ee, aby v\u00e1m neunikly podcasty, \u010dl\u00e1nky a novinky z Ment2Grow! Sedm\u00fd ro\u010dn\u00edk programu je pr\u00e1v\u011b v b\u011bhu a p\u0159ihl\u00e1\u0161ky do dal\u0161\u00edho ro\u010dn\u00edku budou otev\u0159en\u00e9 v z\u00e1\u0159\u00ed 2025. Do t\u00e9 doby se s v\u00e1mi r\u00e1di uvid\u00edme na n\u011bkter\u00e9 z na\u0161ich akc\u00ed a v p\u0159\u00edpad\u011b dotaz\u016f se nev\u00e1hejte obr\u00e1tit na programovou [&hellip;]\" \/>\n<meta property=\"og:url\" content=\"https:\/\/ment2grow.com\/en\/stay-in-touch\/\" \/>\n<meta property=\"og:site_name\" content=\"Ment2Grow\" \/>\n<meta property=\"article:modified_time\" content=\"2025-03-24T11:20:18+00:00\" \/>\n<meta property=\"og:image\" content=\"https:\/\/ment2grow.com\/wp-content\/uploads\/2023\/09\/logo_black.png\" \/>\n\t<meta property=\"og:image:width\" content=\"3125\" \/>\n\t<meta property=\"og:image:height\" content=\"1000\" \/>\n\t<meta property=\"og:image:type\" content=\"image\/png\" \/>\n<meta name=\"twitter:card\" content=\"summary_large_image\" \/>\n<meta name=\"twitter:label1\" content=\"Est. reading time\" \/>\n\t<meta name=\"twitter:data1\" content=\"1 minute\" \/>\n<script type=\"application\/ld+json\" class=\"yoast-schema-graph\">{\"@context\":\"https:\/\/schema.org\",\"@graph\":[{\"@type\":\"WebPage\",\"@id\":\"https:\/\/ment2grow.com\/stay-in-touch\/\",\"url\":\"https:\/\/ment2grow.com\/stay-in-touch\/\",\"name\":\"Stay in touch - Ment2Grow\",\"isPartOf\":{\"@id\":\"https:\/\/ment2grow.com\/#website\"},\"primaryImageOfPage\":{\"@id\":\"https:\/\/ment2grow.com\/stay-in-touch\/#primaryimage\"},\"image\":{\"@id\":\"https:\/\/ment2grow.com\/stay-in-touch\/#primaryimage\"},\"thumbnailUrl\":\"https:\/\/ment2grow.com\/wp-content\/uploads\/2023\/09\/logo_black-1024x328.png\",\"datePublished\":\"2024-02-22T04:15:12+00:00\",\"dateModified\":\"2025-03-24T11:20:18+00:00\",\"breadcrumb\":{\"@id\":\"https:\/\/ment2grow.com\/stay-in-touch\/#breadcrumb\"},\"inLanguage\":\"en-US\",\"potentialAction\":[{\"@type\":\"ReadAction\",\"target\":[\"https:\/\/ment2grow.com\/stay-in-touch\/\"]}]},{\"@type\":\"ImageObject\",\"inLanguage\":\"en-US\",\"@id\":\"https:\/\/ment2grow.com\/stay-in-touch\/#primaryimage\",\"url\":\"https:\/\/ment2grow.com\/wp-content\/uploads\/2023\/09\/logo_black-1024x328.png\",\"contentUrl\":\"https:\/\/ment2grow.com\/wp-content\/uploads\/2023\/09\/logo_black-1024x328.png\"},{\"@type\":\"BreadcrumbList\",\"@id\":\"https:\/\/ment2grow.com\/stay-in-touch\/#breadcrumb\",\"itemListElement\":[{\"@type\":\"ListItem\",\"position\":1,\"name\":\"Dom\u016f\",\"item\":\"https:\/\/ment2grow.com\/\"},{\"@type\":\"ListItem\",\"position\":2,\"name\":\"Stay in touch\"}]},{\"@type\":\"WebSite\",\"@id\":\"https:\/\/ment2grow.com\/#website\",\"url\":\"https:\/\/ment2grow.com\/\",\"name\":\"Ment2Grow\",\"description\":\"\",\"publisher\":{\"@id\":\"https:\/\/ment2grow.com\/#organization\"},\"potentialAction\":[{\"@type\":\"SearchAction\",\"target\":{\"@type\":\"EntryPoint\",\"urlTemplate\":\"https:\/\/ment2grow.com\/?s={search_term_string}\"},\"query-input\":{\"@type\":\"PropertyValueSpecification\",\"valueRequired\":true,\"valueName\":\"search_term_string\"}}],\"inLanguage\":\"en-US\"},{\"@type\":\"Organization\",\"@id\":\"https:\/\/ment2grow.com\/#organization\",\"name\":\"Ment2Grow\",\"url\":\"https:\/\/ment2grow.com\/\",\"logo\":{\"@type\":\"ImageObject\",\"inLanguage\":\"en-US\",\"@id\":\"https:\/\/ment2grow.com\/#\/schema\/logo\/image\/\",\"url\":\"https:\/\/ment2grow.com\/wp-content\/uploads\/2023\/09\/cropped-cropped-logo_black_ico.png\",\"contentUrl\":\"https:\/\/ment2grow.com\/wp-content\/uploads\/2023\/09\/cropped-cropped-logo_black_ico.png\",\"width\":512,\"height\":147,\"caption\":\"Ment2Grow\"},\"image\":{\"@id\":\"https:\/\/ment2grow.com\/#\/schema\/logo\/image\/\"},\"sameAs\":[\"https:\/\/www.linkedin.com\/company\/ment2grow\"]}]}<\/script>\n<!-- \/ Yoast SEO plugin. -->","yoast_head_json":{"title":"Stay in touch - Ment2Grow","robots":{"index":"index","follow":"follow","max-snippet":"max-snippet:-1","max-image-preview":"max-image-preview:large","max-video-preview":"max-video-preview:-1"},"canonical":"https:\/\/ment2grow.com\/en\/stay-in-touch\/","og_locale":"en_US","og_type":"article","og_title":"Stay in touch - Ment2Grow","og_description":"Z\u016fsta\u0148te v kontaktu Vypl\u0148te sv\u016fj kontakt n\u00ed\u017ee, aby v\u00e1m neunikly podcasty, \u010dl\u00e1nky a novinky z Ment2Grow! Sedm\u00fd ro\u010dn\u00edk programu je pr\u00e1v\u011b v b\u011bhu a p\u0159ihl\u00e1\u0161ky do dal\u0161\u00edho ro\u010dn\u00edku budou otev\u0159en\u00e9 v z\u00e1\u0159\u00ed 2025. Do t\u00e9 doby se s v\u00e1mi r\u00e1di uvid\u00edme na n\u011bkter\u00e9 z na\u0161ich akc\u00ed a v p\u0159\u00edpad\u011b dotaz\u016f se nev\u00e1hejte obr\u00e1tit na programovou [&hellip;]","og_url":"https:\/\/ment2grow.com\/en\/stay-in-touch\/","og_site_name":"Ment2Grow","article_modified_time":"2025-03-24T11:20:18+00:00","og_image":[{"width":3125,"height":1000,"url":"https:\/\/ment2grow.com\/wp-content\/uploads\/2023\/09\/logo_black.png","type":"image\/png"}],"twitter_card":"summary_large_image","twitter_misc":{"Est. reading time":"1 minute"},"schema":{"@context":"https:\/\/schema.org","@graph":[{"@type":"WebPage","@id":"https:\/\/ment2grow.com\/stay-in-touch\/","url":"https:\/\/ment2grow.com\/stay-in-touch\/","name":"Stay in touch - Ment2Grow","isPartOf":{"@id":"https:\/\/ment2grow.com\/#website"},"primaryImageOfPage":{"@id":"https:\/\/ment2grow.com\/stay-in-touch\/#primaryimage"},"image":{"@id":"https:\/\/ment2grow.com\/stay-in-touch\/#primaryimage"},"thumbnailUrl":"https:\/\/ment2grow.com\/wp-content\/uploads\/2023\/09\/logo_black-1024x328.png","datePublished":"2024-02-22T04:15:12+00:00","dateModified":"2025-03-24T11:20:18+00:00","breadcrumb":{"@id":"https:\/\/ment2grow.com\/stay-in-touch\/#breadcrumb"},"inLanguage":"en-US","potentialAction":[{"@type":"ReadAction","target":["https:\/\/ment2grow.com\/stay-in-touch\/"]}]},{"@type":"ImageObject","inLanguage":"en-US","@id":"https:\/\/ment2grow.com\/stay-in-touch\/#primaryimage","url":"https:\/\/ment2grow.com\/wp-content\/uploads\/2023\/09\/logo_black-1024x328.png","contentUrl":"https:\/\/ment2grow.com\/wp-content\/uploads\/2023\/09\/logo_black-1024x328.png"},{"@type":"BreadcrumbList","@id":"https:\/\/ment2grow.com\/stay-in-touch\/#breadcrumb","itemListElement":[{"@type":"ListItem","position":1,"name":"Dom\u016f","item":"https:\/\/ment2grow.com\/"},{"@type":"ListItem","position":2,"name":"Stay in touch"}]},{"@type":"WebSite","@id":"https:\/\/ment2grow.com\/#website","url":"https:\/\/ment2grow.com\/","name":"Ment2Grow","description":"","publisher":{"@id":"https:\/\/ment2grow.com\/#organization"},"potentialAction":[{"@type":"SearchAction","target":{"@type":"EntryPoint","urlTemplate":"https:\/\/ment2grow.com\/?s={search_term_string}"},"query-input":{"@type":"PropertyValueSpecification","valueRequired":true,"valueName":"search_term_string"}}],"inLanguage":"en-US"},{"@type":"Organization","@id":"https:\/\/ment2grow.com\/#organization","name":"Ment2Grow","url":"https:\/\/ment2grow.com\/","logo":{"@type":"ImageObject","inLanguage":"en-US","@id":"https:\/\/ment2grow.com\/#\/schema\/logo\/image\/","url":"https:\/\/ment2grow.com\/wp-content\/uploads\/2023\/09\/cropped-cropped-logo_black_ico.png","contentUrl":"https:\/\/ment2grow.com\/wp-content\/uploads\/2023\/09\/cropped-cropped-logo_black_ico.png","width":512,"height":147,"caption":"Ment2Grow"},"image":{"@id":"https:\/\/ment2grow.com\/#\/schema\/logo\/image\/"},"sameAs":["https:\/\/www.linkedin.com\/company\/ment2grow"]}]}},"_links":{"self":[{"href":"https:\/\/ment2grow.com\/en\/wp-json\/wp\/v2\/pages\/1695","targetHints":{"allow":["GET"]}}],"collection":[{"href":"https:\/\/ment2grow.com\/en\/wp-json\/wp\/v2\/pages"}],"about":[{"href":"https:\/\/ment2grow.com\/en\/wp-json\/wp\/v2\/types\/page"}],"author":[{"embeddable":true,"href":"https:\/\/ment2grow.com\/en\/wp-json\/wp\/v2\/users\/1"}],"replies":[{"embeddable":true,"href":"https:\/\/ment2grow.com\/en\/wp-json\/wp\/v2\/comments?post=1695"}],"version-history":[{"count":37,"href":"https:\/\/ment2grow.com\/en\/wp-json\/wp\/v2\/pages\/1695\/revisions"}],"predecessor-version":[{"id":2443,"href":"https:\/\/ment2grow.com\/en\/wp-json\/wp\/v2\/pages\/1695\/revisions\/2443"}],"wp:attachment":[{"href":"https:\/\/ment2grow.com\/en\/wp-json\/wp\/v2\/media?parent=1695"}],"curies":[{"name":"wp","href":"https:\/\/api.w.org\/{rel}","templated":true}]}}